{"id":1148,"date":"2022-02-24T07:16:03","date_gmt":"2022-02-24T06:16:03","guid":{"rendered":"https:\/\/blindpoint.org\/?page_id=1148"},"modified":"2023-02-17T08:29:38","modified_gmt":"2023-02-17T07:29:38","slug":"inici-es","status":"publish","type":"page","link":"https:\/\/blindpoint.org\/es\/","title":{"rendered":"Inici es"},"content":{"rendered":"\t\t<div data-elementor-type=\"wp-page\" data-elementor-id=\"1148\" class=\"elementor elementor-1148 elementor-164\">\n\t\t\t\t\t\t<div class=\"elementor-inner\">\n\t\t\t\t<div class=\"elementor-section-wrap\">\n\t\t\t\t\t\t\t\t\t<section class=\"elementor-section elementor-top-section elementor-element elementor-element-f4b75a2 elementor-section-boxed elementor-section-height-default elementor-section-height-default\" data-id=\"f4b75a2\" data-element_type=\"section\" data-settings=\"{&quot;jet_parallax_layout_list&quot;:[]}\">\n\t\t\t\t\t\t<div class=\"elementor-container elementor-column-gap-default\">\n\t\t\t\t\t\t\t<div class=\"elementor-row\">\n\t\t\t\t\t<div class=\"elementor-column elementor-col-100 elementor-top-column elementor-element elementor-element-395cf24\" data-id=\"395cf24\" data-element_type=\"column\">\n\t\t\t<div class=\"elementor-column-wrap elementor-element-populated\">\n\t\t\t\t\t\t\t<div class=\"elementor-widget-wrap\">\n\t\t\t\t\t\t<div class=\"elementor-element elementor-element-898416f elementor-widget elementor-widget-html\" data-id=\"898416f\" data-element_type=\"widget\" data-widget_type=\"html.default\">\n\t\t\t\t<div class=\"elementor-widget-container\">\n\t\t\t<a href=\"https:\/\/www.songkick.com\/artists\/10083061\" class=\"songkick-widget\" data-theme=\"dark\" data-track-button=\"off\" data-detect-style=\"false\" data-background-color=\"transparent\" data-locale=\"es\">Pr\u00f3ximos conciertos<\/a>\n<script src=\"\/\/widget.songkick.com\/10083061\/widget.js\"><\/script>\t\t<\/div>\n\t\t\t\t<\/div>\n\t\t\t\t\t\t<\/div>\n\t\t\t\t\t<\/div>\n\t\t<\/div>\n\t\t\t\t\t\t\t\t<\/div>\n\t\t\t\t\t<\/div>\n\t\t<\/section>\n\t\t\t\t<section class=\"elementor-section elementor-top-section elementor-element elementor-element-96362fc elementor-section-full_width elementor-section-height-default elementor-section-height-default\" data-id=\"96362fc\" data-element_type=\"section\" data-settings=\"{&quot;jet_parallax_layout_list&quot;:[]}\">\n\t\t\t\t\t\t<div class=\"elementor-container elementor-column-gap-default\">\n\t\t\t\t\t\t\t<div class=\"elementor-row\">\n\t\t\t\t\t<div class=\"elementor-column elementor-col-100 elementor-top-column elementor-element elementor-element-b029de9\" data-id=\"b029de9\" data-element_type=\"column\">\n\t\t\t<div class=\"elementor-column-wrap elementor-element-populated\">\n\t\t\t\t\t\t\t<div class=\"elementor-widget-wrap\">\n\t\t\t\t\t\t<div class=\"elementor-element elementor-element-dcdd87c elementor-invisible elementor-widget elementor-widget-image\" data-id=\"dcdd87c\" data-element_type=\"widget\" data-settings=\"{&quot;_animation&quot;:&quot;fadeIn&quot;}\" data-widget_type=\"image.default\">\n\t\t\t\t<div class=\"elementor-widget-container\">\n\t\t\t\t\t\t\t\t<div class=\"elementor-image\">\n\t\t\t\t\t\t\t\t\t\t\t\t\t<a href=\"https:\/\/blindpoint.org\/a-technical-default\/\">\n\t\t\t\t\t\t\t<img loading=\"lazy\" decoding=\"async\" width=\"1618\" height=\"1181\" src=\"https:\/\/blindpoint.org\/wp-content\/uploads\/JFU7258-2_WEB.jpg\" class=\"attachment-full size-full wp-image-1412\" alt=\"\" srcset=\"https:\/\/blindpoint.org\/wp-content\/uploads\/JFU7258-2_WEB.jpg 1618w, https:\/\/blindpoint.org\/wp-content\/uploads\/JFU7258-2_WEB-768x561.jpg 768w, https:\/\/blindpoint.org\/wp-content\/uploads\/JFU7258-2_WEB-1536x1121.jpg 1536w\" sizes=\"auto, (max-width: 1618px) 100vw, 1618px\" \/>\t\t\t\t\t\t\t\t<\/a>\n\t\t\t\t\t\t\t\t\t\t\t\t\t\t<\/div>\n\t\t\t\t\t\t<\/div>\n\t\t\t\t<\/div>\n\t\t\t\t<div class=\"elementor-element elementor-element-22eddde elementor-invisible elementor-widget elementor-widget-heading\" data-id=\"22eddde\" data-element_type=\"widget\" data-settings=\"{&quot;_animation&quot;:&quot;fadeIn&quot;}\" data-widget_type=\"heading.default\">\n\t\t\t\t<div class=\"elementor-widget-container\">\n\t\t\t<h2 class=\"elementor-heading-title elementor-size-default\">Disponible en formato Digipack CD \n\ncon dos nuevos singles<\/h2>\t\t<\/div>\n\t\t\t\t<\/div>\n\t\t\t\t\t\t<\/div>\n\t\t\t\t\t<\/div>\n\t\t<\/div>\n\t\t\t\t\t\t\t\t<\/div>\n\t\t\t\t\t<\/div>\n\t\t<\/section>\n\t\t\t\t<section class=\"elementor-section elementor-top-section elementor-element elementor-element-c8d7bf5 elementor-section-boxed elementor-section-height-default elementor-section-height-default\" data-id=\"c8d7bf5\" data-element_type=\"section\" data-settings=\"{&quot;jet_parallax_layout_list&quot;:[]}\">\n\t\t\t\t\t\t<div class=\"elementor-container elementor-column-gap-default\">\n\t\t\t\t\t\t\t<div class=\"elementor-row\">\n\t\t\t\t\t<div class=\"elementor-column elementor-col-50 elementor-top-column elementor-element elementor-element-443c55a\" data-id=\"443c55a\" data-element_type=\"column\">\n\t\t\t<div class=\"elementor-column-wrap elementor-element-populated\">\n\t\t\t\t\t\t\t<div class=\"elementor-widget-wrap\">\n\t\t\t\t\t\t<div class=\"elementor-element elementor-element-e295525 elementor-widget elementor-widget-heading\" data-id=\"e295525\" data-element_type=\"widget\" data-widget_type=\"heading.default\">\n\t\t\t\t<div class=\"elementor-widget-container\">\n\t\t\t<h2 class=\"elementor-heading-title elementor-size-default\"><a href=\"https:\/\/blindpoint.org\/es\/iridiscence-of-darkness\/\">Iridescence of Darkness<\/a><\/h2>\t\t<\/div>\n\t\t\t\t<\/div>\n\t\t\t\t\t\t<\/div>\n\t\t\t\t\t<\/div>\n\t\t<\/div>\n\t\t\t\t<div class=\"elementor-column elementor-col-50 elementor-top-column elementor-element elementor-element-9453ada\" data-id=\"9453ada\" data-element_type=\"column\">\n\t\t\t<div class=\"elementor-column-wrap elementor-element-populated\">\n\t\t\t\t\t\t\t<div class=\"elementor-widget-wrap\">\n\t\t\t\t\t\t<div class=\"elementor-element elementor-element-8e7fd15 elementor-widget elementor-widget-heading\" data-id=\"8e7fd15\" data-element_type=\"widget\" data-widget_type=\"heading.default\">\n\t\t\t\t<div class=\"elementor-widget-container\">\n\t\t\t<h2 class=\"elementor-heading-title elementor-size-default\"><a href=\"https:\/\/blindpoint.org\/es\/two-oceans-meet\/\">Two Oceans Meet<\/a><\/h2>\t\t<\/div>\n\t\t\t\t<\/div>\n\t\t\t\t\t\t<\/div>\n\t\t\t\t\t<\/div>\n\t\t<\/div>\n\t\t\t\t\t\t\t\t<\/div>\n\t\t\t\t\t<\/div>\n\t\t<\/section>\n\t\t\t\t<section class=\"elementor-section elementor-top-section elementor-element elementor-element-3fb6aed elementor-section-boxed elementor-section-height-default elementor-section-height-default\" data-id=\"3fb6aed\" data-element_type=\"section\" data-settings=\"{&quot;jet_parallax_layout_list&quot;:[]}\">\n\t\t\t\t\t\t<div class=\"elementor-container elementor-column-gap-default\">\n\t\t\t\t\t\t\t<div class=\"elementor-row\">\n\t\t\t\t\t<div class=\"elementor-column elementor-col-100 elementor-top-column elementor-element elementor-element-3a90390\" data-id=\"3a90390\" data-element_type=\"column\">\n\t\t\t<div class=\"elementor-column-wrap elementor-element-populated\">\n\t\t\t\t\t\t\t<div class=\"elementor-widget-wrap\">\n\t\t\t\t\t\t<div class=\"elementor-element elementor-element-296f5bc elementor-arrows-position-inside elementor-widget elementor-widget-image-carousel\" data-id=\"296f5bc\" data-element_type=\"widget\" data-settings=\"{&quot;slides_to_show&quot;:&quot;6&quot;,&quot;slides_to_scroll&quot;:&quot;3&quot;,&quot;image_spacing_custom&quot;:{&quot;unit&quot;:&quot;px&quot;,&quot;size&quot;:10,&quot;sizes&quot;:[]},&quot;slides_to_show_tablet&quot;:&quot;4&quot;,&quot;slides_to_show_mobile&quot;:&quot;2&quot;,&quot;slides_to_scroll_tablet&quot;:&quot;2&quot;,&quot;slides_to_scroll_mobile&quot;:&quot;2&quot;,&quot;navigation&quot;:&quot;arrows&quot;,&quot;autoplay&quot;:&quot;yes&quot;,&quot;pause_on_hover&quot;:&quot;yes&quot;,&quot;pause_on_interaction&quot;:&quot;yes&quot;,&quot;autoplay_speed&quot;:5000,&quot;infinite&quot;:&quot;yes&quot;,&quot;speed&quot;:500}\" data-widget_type=\"image-carousel.default\">\n\t\t\t\t<div class=\"elementor-widget-container\">\n\t\t\t\t\t<div class=\"elementor-image-carousel-wrapper swiper-container\" dir=\"ltr\">\n\t\t\t<div class=\"elementor-image-carousel swiper-wrapper swiper-image-stretch\">\n\t\t\t\t\t\t\t\t<div class=\"swiper-slide\"><a data-elementor-open-lightbox=\"yes\" data-elementor-lightbox-slideshow=\"296f5bc\" e-action-hash=\"#elementor-action%3Aaction%3Dlightbox%26settings%3DeyJpZCI6MzM0LCJ1cmwiOiJodHRwczpcL1wvYmxpbmRwb2ludC5vcmdcL3dwLWNvbnRlbnRcL3VwbG9hZHNcLzIwMjJcLzAxXC9Db3BpYS1kZS1fSkZVNzQ0Mi1jb3BpYS1MUi0yLmpwZyIsInNsaWRlc2hvdyI6IjI5NmY1YmMifQ%3D%3D\" href=\"https:\/\/blindpoint.org\/wp-content\/uploads\/2022\/01\/Copia-de-_JFU7442-copia-LR-2.jpg\"><figure class=\"swiper-slide-inner\"><img decoding=\"async\" class=\"swiper-slide-image\" src=\"https:\/\/blindpoint.org\/wp-content\/uploads\/elementor\/thumbs\/Copia-de-_JFU7442-copia-LR-2-pjbrd0vq8peacvhec3nvjx5ny0grjgz7o6s5mo8ja8.jpg\" alt=\"grup\" \/><\/figure><\/a><\/div><div class=\"swiper-slide\"><a data-elementor-open-lightbox=\"yes\" data-elementor-lightbox-slideshow=\"296f5bc\" e-action-hash=\"#elementor-action%3Aaction%3Dlightbox%26settings%3DeyJpZCI6MzMzLCJ1cmwiOiJodHRwczpcL1wvYmxpbmRwb2ludC5vcmdcL3dwLWNvbnRlbnRcL3VwbG9hZHNcLzIwMjJcLzAxXC9Db3BpYS1kZS1fSkZVNzI5Ny5qcGciLCJzbGlkZXNob3ciOiIyOTZmNWJjIn0%3D\" href=\"https:\/\/blindpoint.org\/wp-content\/uploads\/2022\/01\/Copia-de-_JFU7297.jpg\"><figure class=\"swiper-slide-inner\"><img decoding=\"async\" class=\"swiper-slide-image\" src=\"https:\/\/blindpoint.org\/wp-content\/uploads\/elementor\/thumbs\/Copia-de-_JFU7297-pjbrc6sw60941cp37qntc4qwxol0p5nsw1wm9th4tc.jpg\" alt=\"\" \/><\/figure><\/a><\/div><div class=\"swiper-slide\"><a data-elementor-open-lightbox=\"yes\" data-elementor-lightbox-slideshow=\"296f5bc\" e-action-hash=\"#elementor-action%3Aaction%3Dlightbox%26settings%3DeyJpZCI6MzMyLCJ1cmwiOiJodHRwczpcL1wvYmxpbmRwb2ludC5vcmdcL3dwLWNvbnRlbnRcL3VwbG9hZHNcLzIwMjJcLzAxXC9KRlU3NDUxLTIuanBnIiwic2xpZGVzaG93IjoiMjk2ZjViYyJ9\" href=\"https:\/\/blindpoint.org\/wp-content\/uploads\/2022\/01\/JFU7451-2.jpg\"><figure class=\"swiper-slide-inner\"><img decoding=\"async\" class=\"swiper-slide-image\" src=\"https:\/\/blindpoint.org\/wp-content\/uploads\/elementor\/thumbs\/JFU7451-2-pjbrbm4fzngsxxj4khq0t9yrv7exztdph7jxpqbsm8.jpg\" alt=\"\" \/><\/figure><\/a><\/div><div class=\"swiper-slide\"><a data-elementor-open-lightbox=\"yes\" data-elementor-lightbox-slideshow=\"296f5bc\" e-action-hash=\"#elementor-action%3Aaction%3Dlightbox%26settings%3DeyJpZCI6MzMxLCJ1cmwiOiJodHRwczpcL1wvYmxpbmRwb2ludC5vcmdcL3dwLWNvbnRlbnRcL3VwbG9hZHNcLzIwMjJcLzAxXC9KRlU3NDM0LTIuanBnIiwic2xpZGVzaG93IjoiMjk2ZjViYyJ9\" href=\"https:\/\/blindpoint.org\/wp-content\/uploads\/2022\/01\/JFU7434-2.jpg\"><figure class=\"swiper-slide-inner\"><img decoding=\"async\" class=\"swiper-slide-image\" src=\"https:\/\/blindpoint.org\/wp-content\/uploads\/elementor\/thumbs\/JFU7434-2-pjbrazkbfmlx7afw87yz5fnplyi4v2w5e3wa7398rk.jpg\" alt=\"\" \/><\/figure><\/a><\/div><div class=\"swiper-slide\"><a data-elementor-open-lightbox=\"yes\" data-elementor-lightbox-slideshow=\"296f5bc\" e-action-hash=\"#elementor-action%3Aaction%3Dlightbox%26settings%3DeyJpZCI6MzMwLCJ1cmwiOiJodHRwczpcL1wvYmxpbmRwb2ludC5vcmdcL3dwLWNvbnRlbnRcL3VwbG9hZHNcLzIwMjJcLzAxXC9KRlU3NDI2LTIuanBnIiwic2xpZGVzaG93IjoiMjk2ZjViYyJ9\" href=\"https:\/\/blindpoint.org\/wp-content\/uploads\/2022\/01\/JFU7426-2.jpg\"><figure class=\"swiper-slide-inner\"><img decoding=\"async\" class=\"swiper-slide-image\" src=\"https:\/\/blindpoint.org\/wp-content\/uploads\/elementor\/thumbs\/JFU7426-2-pjbragrjmxw6r3779zufrkehq92sl4tiniuklk1480.jpg\" alt=\"\" \/><\/figure><\/a><\/div><div class=\"swiper-slide\"><a data-elementor-open-lightbox=\"yes\" data-elementor-lightbox-slideshow=\"296f5bc\" e-action-hash=\"#elementor-action%3Aaction%3Dlightbox%26settings%3DeyJpZCI6MzI5LCJ1cmwiOiJodHRwczpcL1wvYmxpbmRwb2ludC5vcmdcL3dwLWNvbnRlbnRcL3VwbG9hZHNcLzIwMjJcLzAxXC9KRlU3NDA4LTIuanBnIiwic2xpZGVzaG93IjoiMjk2ZjViYyJ9\" href=\"https:\/\/blindpoint.org\/wp-content\/uploads\/2022\/01\/JFU7408-2.jpg\"><figure class=\"swiper-slide-inner\"><img decoding=\"async\" class=\"swiper-slide-image\" src=\"https:\/\/blindpoint.org\/wp-content\/uploads\/elementor\/thumbs\/JFU7408-2-pjbr9w33gl3vno18mqwn8pmcnrwpvsjf8ohw1gvs0w.jpg\" alt=\"\" \/><\/figure><\/a><\/div><div class=\"swiper-slide\"><a data-elementor-open-lightbox=\"yes\" data-elementor-lightbox-slideshow=\"296f5bc\" e-action-hash=\"#elementor-action%3Aaction%3Dlightbox%26settings%3DeyJpZCI6MzI4LCJ1cmwiOiJodHRwczpcL1wvYmxpbmRwb2ludC5vcmdcL3dwLWNvbnRlbnRcL3VwbG9hZHNcLzIwMjJcLzAxXC9KRlU3Mzk4LTIuanBnIiwic2xpZGVzaG93IjoiMjk2ZjViYyJ9\" href=\"https:\/\/blindpoint.org\/wp-content\/uploads\/2022\/01\/JFU7398-2.jpg\"><figure class=\"swiper-slide-inner\"><img decoding=\"async\" class=\"swiper-slide-image\" src=\"https:\/\/blindpoint.org\/wp-content\/uploads\/elementor\/thumbs\/JFU7398-2-pjbr97naiw6f9t0qlgccfvsd7r96bnuehbj9k9w0io.jpg\" alt=\"\" \/><\/figure><\/a><\/div><div class=\"swiper-slide\"><a data-elementor-open-lightbox=\"yes\" data-elementor-lightbox-slideshow=\"296f5bc\" e-action-hash=\"#elementor-action%3Aaction%3Dlightbox%26settings%3DeyJpZCI6MzI3LCJ1cmwiOiJodHRwczpcL1wvYmxpbmRwb2ludC5vcmdcL3dwLWNvbnRlbnRcL3VwbG9hZHNcLzIwMjJcLzAxXC9KRlU3Mzg0LTIuanBnIiwic2xpZGVzaG93IjoiMjk2ZjViYyJ9\" href=\"https:\/\/blindpoint.org\/wp-content\/uploads\/2022\/01\/JFU7384-2.jpg\"><figure class=\"swiper-slide-inner\"><img decoding=\"async\" class=\"swiper-slide-image\" src=\"https:\/\/blindpoint.org\/wp-content\/uploads\/elementor\/thumbs\/JFU7384-2-pjbr8slvhjlu41ml19ubbzkzplbawi6p393hvuiba8.jpg\" alt=\"\" \/><\/figure><\/a><\/div><div class=\"swiper-slide\"><a data-elementor-open-lightbox=\"yes\" data-elementor-lightbox-slideshow=\"296f5bc\" e-action-hash=\"#elementor-action%3Aaction%3Dlightbox%26settings%3DeyJpZCI6MzI2LCJ1cmwiOiJodHRwczpcL1wvYmxpbmRwb2ludC5vcmdcL3dwLWNvbnRlbnRcL3VwbG9hZHNcLzIwMjJcLzAxXC9KRlU3MzcxLTIuanBnIiwic2xpZGVzaG93IjoiMjk2ZjViYyJ9\" href=\"https:\/\/blindpoint.org\/wp-content\/uploads\/2022\/01\/JFU7371-2.jpg\"><figure class=\"swiper-slide-inner\"><img decoding=\"async\" class=\"swiper-slide-image\" src=\"https:\/\/blindpoint.org\/wp-content\/uploads\/elementor\/thumbs\/JFU7371-2-pjbr8fg4tv3tli5p645jd2wje745wqqgdfyp5z1tpc.jpg\" alt=\"\" \/><\/figure><\/a><\/div><div class=\"swiper-slide\"><a data-elementor-open-lightbox=\"yes\" data-elementor-lightbox-slideshow=\"296f5bc\" e-action-hash=\"#elementor-action%3Aaction%3Dlightbox%26settings%3DeyJpZCI6MzI1LCJ1cmwiOiJodHRwczpcL1wvYmxpbmRwb2ludC5vcmdcL3dwLWNvbnRlbnRcL3VwbG9hZHNcLzIwMjJcLzAxXC9KRlU3MzYxLTIuanBnIiwic2xpZGVzaG93IjoiMjk2ZjViYyJ9\" href=\"https:\/\/blindpoint.org\/wp-content\/uploads\/2022\/01\/JFU7361-2.jpg\"><figure class=\"swiper-slide-inner\"><img decoding=\"async\" class=\"swiper-slide-image\" src=\"https:\/\/blindpoint.org\/wp-content\/uploads\/elementor\/thumbs\/JFU7361-2-pjbr87xfb6tj0mgme0wit4sun45875wloeqtbrcz34.jpg\" alt=\"\" \/><\/figure><\/a><\/div><div class=\"swiper-slide\"><a data-elementor-open-lightbox=\"yes\" data-elementor-lightbox-slideshow=\"296f5bc\" e-action-hash=\"#elementor-action%3Aaction%3Dlightbox%26settings%3DeyJpZCI6MzI0LCJ1cmwiOiJodHRwczpcL1wvYmxpbmRwb2ludC5vcmdcL3dwLWNvbnRlbnRcL3VwbG9hZHNcLzIwMjJcLzAxXC9KRlU3MzUyLTIuanBnIiwic2xpZGVzaG93IjoiMjk2ZjViYyJ9\" href=\"https:\/\/blindpoint.org\/wp-content\/uploads\/2022\/01\/JFU7352-2.jpg\"><figure class=\"swiper-slide-inner\"><img decoding=\"async\" class=\"swiper-slide-image\" src=\"https:\/\/blindpoint.org\/wp-content\/uploads\/elementor\/thumbs\/JFU7352-2-pjbr80epsij8fqrjlxni96p5w16ahl2qzdixhjo4gw.jpg\" alt=\"\" \/><\/figure><\/a><\/div><div class=\"swiper-slide\"><a data-elementor-open-lightbox=\"yes\" data-elementor-lightbox-slideshow=\"296f5bc\" e-action-hash=\"#elementor-action%3Aaction%3Dlightbox%26settings%3DeyJpZCI6MzIzLCJ1cmwiOiJodHRwczpcL1wvYmxpbmRwb2ludC5vcmdcL3dwLWNvbnRlbnRcL3VwbG9hZHNcLzIwMjJcLzAxXC9KRlU3MzM1LTIuanBnIiwic2xpZGVzaG93IjoiMjk2ZjViYyJ9\" href=\"https:\/\/blindpoint.org\/wp-content\/uploads\/2022\/01\/JFU7335-2.jpg\"><figure class=\"swiper-slide-inner\"><img decoding=\"async\" class=\"swiper-slide-image\" src=\"https:\/\/blindpoint.org\/wp-content\/uploads\/elementor\/thumbs\/JFU7335-2-pjbr7n8z4u17x7anqryqaa0pkmz5htmi9ke4ro7mw0.jpg\" alt=\"\" \/><\/figure><\/a><\/div><div class=\"swiper-slide\"><a data-elementor-open-lightbox=\"yes\" data-elementor-lightbox-slideshow=\"296f5bc\" e-action-hash=\"#elementor-action%3Aaction%3Dlightbox%26settings%3DeyJpZCI6MzIyLCJ1cmwiOiJodHRwczpcL1wvYmxpbmRwb2ludC5vcmdcL3dwLWNvbnRlbnRcL3VwbG9hZHNcLzIwMjJcLzAxXC9KRlU3MzIzLTIuanBnIiwic2xpZGVzaG93IjoiMjk2ZjViYyJ9\" href=\"https:\/\/blindpoint.org\/wp-content\/uploads\/2022\/01\/JFU7323-2.jpg\"><figure class=\"swiper-slide-inner\"><img decoding=\"async\" class=\"swiper-slide-image\" src=\"https:\/\/blindpoint.org\/wp-content\/uploads\/elementor\/thumbs\/JFU7323-2-pjbr7fq9m5qxcblkyoppqbx0tk07s8snkj68xgis9s.jpg\" alt=\"\" \/><\/figure><\/a><\/div><div class=\"swiper-slide\"><a data-elementor-open-lightbox=\"yes\" data-elementor-lightbox-slideshow=\"296f5bc\" data-elementor-lightbox-description=\"https:\/\/blindpoint.org\/wp-content\/uploads\/2022\/01\/JFU7258-2-1.jpg\" e-action-hash=\"#elementor-action%3Aaction%3Dlightbox%26settings%3DeyJpZCI6MzIxLCJ1cmwiOiJodHRwczpcL1wvYmxpbmRwb2ludC5vcmdcL3dwLWNvbnRlbnRcL3VwbG9hZHNcLzIwMjJcLzAxXC9KRlU3MjU4LTIuanBnIiwic2xpZGVzaG93IjoiMjk2ZjViYyJ9\" href=\"https:\/\/blindpoint.org\/wp-content\/uploads\/2022\/01\/JFU7258-2.jpg\"><figure class=\"swiper-slide-inner\"><img decoding=\"async\" class=\"swiper-slide-image\" src=\"https:\/\/blindpoint.org\/wp-content\/uploads\/elementor\/thumbs\/JFU7258-2-pjbr70oukt6c6k7fei7omfpnbe2cd34y6gqh91531c.jpg\" alt=\"\" \/><\/figure><\/a><\/div>\t\t\t<\/div>\n\t\t\t\t\t\t\t\t\t\t\t\t\t\t\t\t<div class=\"elementor-swiper-button elementor-swiper-button-prev\">\n\t\t\t\t\t\t<i aria-hidden=\"true\" class=\"eicon-chevron-left\"><\/i>\t\t\t\t\t\t<span class=\"elementor-screen-only\">Anterior<\/span>\n\t\t\t\t\t<\/div>\n\t\t\t\t\t<div class=\"elementor-swiper-button elementor-swiper-button-next\">\n\t\t\t\t\t\t<i aria-hidden=\"true\" class=\"eicon-chevron-right\"><\/i>\t\t\t\t\t\t<span class=\"elementor-screen-only\">Siguiente<\/span>\n\t\t\t\t\t<\/div>\n\t\t\t\t\t\t\t\t\t<\/div>\n\t\t\t\t<\/div>\n\t\t\t\t<\/div>\n\t\t\t\t\t\t<\/div>\n\t\t\t\t\t<\/div>\n\t\t<\/div>\n\t\t\t\t\t\t\t\t<\/div>\n\t\t\t\t\t<\/div>\n\t\t<\/section>\n\t\t\t\t<section class=\"elementor-section elementor-top-section elementor-element elementor-element-bf163e4 elementor-section-boxed elementor-section-height-default elementor-section-height-default\" data-id=\"bf163e4\" data-element_type=\"section\" data-settings=\"{&quot;jet_parallax_layout_list&quot;:[]}\">\n\t\t\t\t\t\t<div class=\"elementor-container elementor-column-gap-default\">\n\t\t\t\t\t\t\t<div class=\"elementor-row\">\n\t\t\t\t\t<div class=\"elementor-column elementor-col-100 elementor-top-column elementor-element elementor-element-2c68933\" data-id=\"2c68933\" data-element_type=\"column\">\n\t\t\t<div class=\"elementor-column-wrap elementor-element-populated\">\n\t\t\t\t\t\t\t<div class=\"elementor-widget-wrap\">\n\t\t\t\t\t\t<div class=\"elementor-element elementor-element-e51da51 elementor-aspect-ratio-169 elementor-widget elementor-widget-video\" data-id=\"e51da51\" data-element_type=\"widget\" data-settings=\"{&quot;youtube_url&quot;:&quot;https:\\\/\\\/www.youtube.com\\\/watch?v=iOmDdj8Ssm0&quot;,&quot;video_type&quot;:&quot;youtube&quot;,&quot;controls&quot;:&quot;yes&quot;,&quot;aspect_ratio&quot;:&quot;169&quot;}\" data-widget_type=\"video.default\">\n\t\t\t\t<div class=\"elementor-widget-container\">\n\t\t\t\t\t<div class=\"elementor-wrapper elementor-fit-aspect-ratio elementor-open-inline\">\n\t\t\t<div class=\"elementor-video\"><\/div>\t\t<\/div>\n\t\t\t\t<\/div>\n\t\t\t\t<\/div>\n\t\t\t\t\t\t<\/div>\n\t\t\t\t\t<\/div>\n\t\t<\/div>\n\t\t\t\t\t\t\t\t<\/div>\n\t\t\t\t\t<\/div>\n\t\t<\/section>\n\t\t\t\t<section class=\"elementor-section elementor-top-section elementor-element elementor-element-9f1c706 elementor-section-boxed elementor-section-height-default elementor-section-height-default\" data-id=\"9f1c706\" data-element_type=\"section\" data-settings=\"{&quot;jet_parallax_layout_list&quot;:[]}\">\n\t\t\t\t\t\t<div class=\"elementor-container elementor-column-gap-default\">\n\t\t\t\t\t\t\t<div class=\"elementor-row\">\n\t\t\t\t\t<div class=\"elementor-column elementor-col-33 elementor-top-column elementor-element elementor-element-2d4cc3b\" data-id=\"2d4cc3b\" data-element_type=\"column\">\n\t\t\t<div class=\"elementor-column-wrap elementor-element-populated\">\n\t\t\t\t\t\t\t<div class=\"elementor-widget-wrap\">\n\t\t\t\t\t\t<div class=\"elementor-element elementor-element-217c389 elementor-widget elementor-widget-text-editor\" data-id=\"217c389\" data-element_type=\"widget\" data-widget_type=\"text-editor.default\">\n\t\t\t\t<div class=\"elementor-widget-container\">\n\t\t\t\t\t\t\t\t<div class=\"elementor-text-editor elementor-clearfix\">\n\t\t\t\t<p><span style=\"font-weight: 400;\">Blindpoint es una banda de Metal Alternativo de la zona de Lleida, nacida en 2014 y formada por cinco integrantes:<b><i> Xavi la voz, Pep a la bater\u00eda, Ricard al bajo y Albert y Jota a la guitarra<\/i><\/b>.<\/span><\/p><p><span style=\"font-weight: 400;\"> En Abril de 2022, lanzan el doble single\u00a0<b><i> \u00abA Technical Default\u00bb<\/i><\/b>, registrado i mezclado en<b><i> Nomad Studios <\/i><\/b>y masterizado por<b><i> Ted Jensen<\/i><\/b> en Tennessee.<\/span><\/p>\t\t\t\t\t<\/div>\n\t\t\t\t\t\t<\/div>\n\t\t\t\t<\/div>\n\t\t\t\t\t\t<\/div>\n\t\t\t\t\t<\/div>\n\t\t<\/div>\n\t\t\t\t<div class=\"elementor-column elementor-col-33 elementor-top-column elementor-element elementor-element-4b56476\" data-id=\"4b56476\" data-element_type=\"column\">\n\t\t\t<div class=\"elementor-column-wrap elementor-element-populated\">\n\t\t\t\t\t\t\t<div class=\"elementor-widget-wrap\">\n\t\t\t\t\t\t<div class=\"elementor-element elementor-element-b7202f2 elementor-widget elementor-widget-image\" data-id=\"b7202f2\" data-element_type=\"widget\" data-settings=\"{&quot;motion_fx_motion_fx_scrolling&quot;:&quot;yes&quot;,&quot;_animation&quot;:&quot;none&quot;,&quot;motion_fx_devices&quot;:[&quot;desktop&quot;,&quot;tablet&quot;,&quot;mobile&quot;]}\" data-widget_type=\"image.default\">\n\t\t\t\t<div class=\"elementor-widget-container\">\n\t\t\t\t\t\t\t\t<div class=\"elementor-image\">\n\t\t\t\t\t\t\t\t\t\t\t\t\t<a href=\"https:\/\/www.easdondara.com\/\">\n\t\t\t\t\t\t\t<img loading=\"lazy\" decoding=\"async\" width=\"96\" height=\"96\" src=\"https:\/\/blindpoint.org\/wp-content\/uploads\/2022\/01\/blindpoint_ondaraOK-150x150.png\" class=\"attachment-thumbnail size-thumbnail wp-image-367\" alt=\"\" \/>\t\t\t\t\t\t\t\t<\/a>\n\t\t\t\t\t\t\t\t\t\t\t\t\t\t<\/div>\n\t\t\t\t\t\t<\/div>\n\t\t\t\t<\/div>\n\t\t\t\t\t\t<\/div>\n\t\t\t\t\t<\/div>\n\t\t<\/div>\n\t\t\t\t<div class=\"elementor-column elementor-col-33 elementor-top-column elementor-element elementor-element-a8ea53d\" data-id=\"a8ea53d\" data-element_type=\"column\">\n\t\t\t<div class=\"elementor-column-wrap elementor-element-populated\">\n\t\t\t\t\t\t\t<div class=\"elementor-widget-wrap\">\n\t\t\t\t\t\t<div class=\"elementor-element elementor-element-51c5773 elementor-widget elementor-widget-text-editor\" data-id=\"51c5773\" data-element_type=\"widget\" data-widget_type=\"text-editor.default\">\n\t\t\t\t<div class=\"elementor-widget-container\">\n\t\t\t\t\t\t\t\t<div class=\"elementor-text-editor elementor-clearfix\">\n\t\t\t\t<p><span style=\"font-weight: 400;\">Blindpoint estrena su nuevo disco con la colaboraci\u00f3n de los estudiantes del Ciclo Formativo de Grado Superior de Gr\u00e1fica Publicitaria de la <b><i>Escuela de Arte Ondara de T\u00e0rrega<\/i><\/b>.\u00a0<\/span><\/p>\t\t\t\t\t<\/div>\n\t\t\t\t\t\t<\/div>\n\t\t\t\t<\/div>\n\t\t\t\t\t\t<\/div>\n\t\t\t\t\t<\/div>\n\t\t<\/div>\n\t\t\t\t\t\t\t\t<\/div>\n\t\t\t\t\t<\/div>\n\t\t<\/section>\n\t\t\t\t\t\t\t\t\t<\/div>\n\t\t\t<\/div>\n\t\t\t\t\t<\/div>\n\t\t","protected":false},"excerpt":{"rendered":"<p>Pr\u00f3ximos conciertos Disponible en formato Digipack CD con dos nuevos singles Iridescence of Darkness Two Oceans Meet Anterior Seg\u00fcent https:\/\/www.youtube.com\/watch?v=iOmDdj8Ssm0 Blindpoint es una banda de Metal Alternativo de la zona de Lleida, nacida en 2014 y formada por cinco integrantes: Xavi la voz, Pep a la bater\u00eda, Ricard al bajo y Albert y Jota a [&hellip;]<\/p>\n","protected":false},"author":1,"featured_media":0,"parent":0,"menu_order":0,"comment_status":"closed","ping_status":"closed","template":"elementor_header_footer","meta":{"footnotes":""},"class_list":["post-1148","page","type-page","status-publish","hentry"],"_links":{"self":[{"href":"https:\/\/blindpoint.org\/es\/wp-json\/wp\/v2\/pages\/1148","targetHints":{"allow":["GET"]}}],"collection":[{"href":"https:\/\/blindpoint.org\/es\/wp-json\/wp\/v2\/pages"}],"about":[{"href":"https:\/\/blindpoint.org\/es\/wp-json\/wp\/v2\/types\/page"}],"author":[{"embeddable":true,"href":"https:\/\/blindpoint.org\/es\/wp-json\/wp\/v2\/users\/1"}],"replies":[{"embeddable":true,"href":"https:\/\/blindpoint.org\/es\/wp-json\/wp\/v2\/comments?post=1148"}],"version-history":[{"count":85,"href":"https:\/\/blindpoint.org\/es\/wp-json\/wp\/v2\/pages\/1148\/revisions"}],"predecessor-version":[{"id":1815,"href":"https:\/\/blindpoint.org\/es\/wp-json\/wp\/v2\/pages\/1148\/revisions\/1815"}],"wp:attachment":[{"href":"https:\/\/blindpoint.org\/es\/wp-json\/wp\/v2\/media?parent=1148"}],"curies":[{"name":"wp","href":"https:\/\/api.w.org\/{rel}","templated":true}]}}